{"id":12,"date":"2014-12-27T23:01:37","date_gmt":"2014-12-27T22:01:37","guid":{"rendered":"http:\/\/dpjaeger.de\/?page_id=12"},"modified":"2018-05-19T08:21:13","modified_gmt":"2018-05-19T06:21:13","slug":"impressum","status":"publish","type":"page","link":"https:\/\/www.dpjaeger.de\/?page_id=12","title":{"rendered":"Impressum"},"content":{"rendered":"<p>Impressum:<br \/>\nPeter Jaeger<br \/>\nWickesberg 2<br \/>\n42499 H\u00fcckeswagen<br \/>\nMail:&nbsp;<a title=\"Email an Daniela &amp; Peter Jaeger\" href=\"mailto:%20ws@dpjaeger.de\">ws@dpjaeger.de<\/a><br \/>\nWeb: <a title=\"Homepage von Daniela und Peter Jaeger\" href=\"https:\/\/www.dpjaeger.de\">www.dpjaeger.de<\/a><\/p>\n<p><strong>Haftungshinweis:<\/strong> Trotz sorgf\u00e4ltiger inhaltlicher Kontrolle \u00fcbernehme ich keine Haftung f\u00fcr die Inhalte externer Links. F\u00fcr den Inhalt der verlinkten Seiten sind ausschlie\u00dflich deren Betreiber verantwortlich.<\/p>\n<p>&nbsp;<\/p>\n","protected":false},"excerpt":{"rendered":"<p>Impressum: Peter Jaeger Wickesberg 2 42499 H\u00fcckeswagen Mail:&nbsp;ws@dpjaeger.de Web: www.dpjaeger.de Haftungshinweis: Trotz sorgf\u00e4ltiger inhaltlicher Kontrolle \u00fcbernehme ich keine Haftung f\u00fcr die Inhalte externer Links. F\u00fcr den Inhalt der verlinkten Seiten sind ausschlie\u00dflich deren Betreiber verantwortlich. &nbsp;<\/p>\n","protected":false},"author":2,"featured_media":0,"parent":0,"menu_order":99,"comment_status":"closed","ping_status":"closed","template":"","meta":{"ngg_post_thumbnail":0,"footnotes":""},"class_list":["post-12","page","type-page","status-publish","hentry"],"jetpack_sharing_enabled":false,"jetpack_shortlink":"https:\/\/wp.me\/P5xgCD-c","_links":{"self":[{"href":"https:\/\/www.dpjaeger.de\/index.php?rest_route=\/wp\/v2\/pages\/12","targetHints":{"allow":["GET"]}}],"collection":[{"href":"https:\/\/www.dpjaeger.de\/index.php?rest_route=\/wp\/v2\/pages"}],"about":[{"href":"https:\/\/www.dpjaeger.de\/index.php?rest_route=\/wp\/v2\/types\/page"}],"author":[{"embeddable":true,"href":"https:\/\/www.dpjaeger.de\/index.php?rest_route=\/wp\/v2\/users\/2"}],"replies":[{"embeddable":true,"href":"https:\/\/www.dpjaeger.de\/index.php?rest_route=%2Fwp%2Fv2%2Fcomments&post=12"}],"version-history":[{"count":1,"href":"https:\/\/www.dpjaeger.de\/index.php?rest_route=\/wp\/v2\/pages\/12\/revisions"}],"predecessor-version":[{"id":332,"href":"https:\/\/www.dpjaeger.de\/index.php?rest_route=\/wp\/v2\/pages\/12\/revisions\/332"}],"wp:attachment":[{"href":"https:\/\/www.dpjaeger.de\/index.php?rest_route=%2Fwp%2Fv2%2Fmedia&parent=12"}],"curies":[{"name":"wp","href":"https:\/\/api.w.org\/{rel}","templated":true}]}}